{"id":9,"date":"2020-11-20T02:50:34","date_gmt":"2020-11-20T02:50:34","guid":{"rendered":"http:\/\/canoe.moxiworks.com\/bjrothrealty\/fr-ca\/considering-a-career"},"modified":"2021-03-10T09:02:31","modified_gmt":"2021-03-10T14:02:31","slug":"considering-a-career","status":"publish","type":"page","link":"https:\/\/bjrothrealty.c21.ca\/fr-ca\/considering-a-career","title":{"rendered":"VOUS ENVISAGEZ UNE CARRI\u00c8RE EN IMMOBILIER?"},"content":{"rendered":"\n<h1>\n\t\tFAITES CARRI\u00c8RE AVEC CENTURY 21\n\t<\/h1>\n\t<p>Vous voulez \u00eatre votre propre patron? Vous voulez g\u00e9rer vous-m\u00eame votre horaire? Vous voulez conna\u00eetre du succ\u00e8s? Faites carri\u00e8re en immobilier!<\/p>\n<h1>\n\t\tFAITES CARRI\u00c8RE AVEC CENTURY 21\n\t<\/h1>\n\t<p>Vous voulez \u00eatre votre propre patron? Vous voulez g\u00e9rer vous-m\u00eame votre horaire? Vous voulez conna\u00eetre du succ\u00e8s? Faites carri\u00e8re en immobilier!<\/p>\n<h2>\n\t\tPR\u00caT POUR UNE CARRI\u00c8RE EXCITANTE?\n\t<\/h2>\n\t<p>Lancez-vous dans une carri\u00e8re enrichissante o\u00f9 vous \u00eates votre propre patron et g\u00e9rez votre horaire comme vous l&#8217;entendez. Maintenant, imaginez le soutien et le savoir dont vous profiterez en vous alliant \u00e0 l&#8217;une des marques immobili\u00e8res les plus reconnues dans le monde.<\/p>\n<h2>\n\t\tVOUS ENVISAGEZ UNE CARRI\u00c8RE DANS L&#8217;IMMOBILIER?\n\t<\/h2>\n\t<p>Vous voulez \u00eatre votre propre patron? Vous voulez g\u00e9rer vous-m\u00eame votre horaire? Vous voulez conna\u00eetre du succ\u00e8s? Faites carri\u00e8re en immobilier!<\/p>\n\t\t\t<a href=\"fr-ca\/contact-us\" target=\"_self\" role=\"button\" rel=\"noopener noreferrer\">\n\t\t\t\t\t\t\tEN SAVOIR PLUS\n\t\t\t\t\t<\/a>\n<h2>\n\t\tPOURQUOI CHOISIR LA FAMILLE C21?\n\t<\/h2>\n\t<p>Vous voulez r\u00e9ussir d\u00e8s le premier jour? D\u00e9marrez votre carri\u00e8re du bon pied avec C21. Nous vous fournirons tout ce qu&#8217;il faut pour commencer.<\/p>\n<p>Si vous \u00eates en train d&#8217;obtenir votre permis d&#8217;exercice, vous vous demandez sans doute o\u00f9 travailler et avec quelle marque. Laissez-nous vous montrer comment le marketing efficace et l&#8217;appui d&#8217;une marque innovatrice peuvent vous mettre sur la voie de la r\u00e9ussite. Nous vous aiderons \u00e0 avoir du succ\u00e8s plus RAPIDEMENT.<\/p>\n\t\t<nav>\n\t\t\t<ul>\n\t\t\t\t\t\t\t\t<li data-index=\"0\">\n\t\t\t\t\t<h4>\n\t\t\t\t\t\t<a href=\"javascript:void(0);\">Soutien en mati\u00e8re de formation<\/a>\n\t\t\t\t\t<\/h4>\n\t\t\t\t<\/li>\n\t\t\t\t\t\t\t\t<li data-index=\"1\">\n\t\t\t\t\t<h4>\n\t\t\t\t\t\t<a href=\"javascript:void(0);\">Soutien publicitaire<\/a>\n\t\t\t\t\t<\/h4>\n\t\t\t\t<\/li>\n\t\t\t\t\t\t\t\t<li data-index=\"2\">\n\t\t\t\t\t<h4>\n\t\t\t\t\t\t<a href=\"javascript:void(0);\">Soutien technologique<\/a>\n\t\t\t\t\t<\/h4>\n\t\t\t\t<\/li>\n\t\t\t\t\t\t\t<\/ul>\n\t\t<\/nav>\n\t\t\t\t\t<h4>\n\t\t\t\t\t\t\t\t\t\t\t\tSoutien en mati\u00e8re de formation\n\t\t\t\t\t\t\t\t\t\t\t<\/h4>\n<h4><img decoding=\"async\" src=\"\/\/century21.agent.hub21.ca\/files\/2020\/12\/edu-support.png\" alt=\"Education Support\" width=\"834\" height=\"466\" \/><\/h4>\n\n<p>Prenez votre carri\u00e8re en main. Vous n&#8217;\u00eates pas l\u00e0 o\u00f9 vous voulez \u00eatre? Vous ne savez pas par o\u00f9 commencer? Vous rafra\u00eechissez vos courriels sans cesse? Mais o\u00f9 sont tous les clients potentiels? Vous entendez parler des m\u00e9dias sociaux, de la prospection de clients potentiels et de l&#8217;\u00e9tablissement d&#8217;un r\u00e9seau de r\u00e9f\u00e9rences? Toutes ces id\u00e9es sont bonnes en th\u00e9orie, mais comment les mettre en pratique? Vous savez que le succ\u00e8s ne tombe pas du ciel. Profitez d&#8217;un acc\u00e8s \u00e0 des formations en ligne, sur demande, locales et interactives.<\/p>\n<h4>\u00a0<\/h4>\n<h4><strong>D\u00c9MARREZ DU BON PIED<\/strong><\/h4>\n<p>Programme exclusivement r\u00e9serv\u00e9 aux membres de C21, Campus 21 TV propose des centaines de vid\u00e9os de formation qui vous aident \u00e0 tirer parti des outils et technologies C21 pour accro\u00eetre votre chiffre d&#8217;affaires. Recherchez par sujets ou par noms d&#8217;experts renomm\u00e9s dans l&#8217;industrie pour trouver un \u00e9ventail de webinaires pertinents en direct ou sur demande que vous pourrez visionner gratuitement sur tout type d&#8217;appareil.<\/p>\n<h4><strong>PROFITEZ D&#8217;UNE FORMATION CONTINUE<\/strong><\/h4>\n<p>C21 University<sup>MD<\/sup> est un vaste r\u00e9pertoire de programmes de formations gratuites proposant des vid\u00e9os et d&#8217;autres ressources d&#8217;apprentissage ax\u00e9es sur la vente et l&#8217;immobilier. Gr\u00e2ce au format sur demande vous pouvez vous instruire sur une vari\u00e9t\u00e9 de sujets \u00e0 votre propre rythme!<\/p>\n<h4>\u00a0<\/h4>\n<h4><strong>REPOUSSEZ VOS LIMITES<\/strong><\/h4>\n<p>La C21 Coaching Academy vous aide \u00e0 atteindre votre plein potentiel en vous mettant en contact avec les meilleurs de l&#8217;industrie. Soyez form\u00e9 par des experts du domaine qui vous aideront \u00e0 r\u00e9aliser vos objectifs! Nous collaborons avec des coaches et des formateurs canadiens renomm\u00e9s pour vous offrir les meilleures formations de l&#8217;industrie.<\/p>\n<h4><strong>MAINTENEZ UNE LONGUEUR D&#8217;AVANCE<\/strong><\/h4>\n<p>Perfectionnez vos comp\u00e9tences et restez au fait des tendances du secteur gr\u00e2ce au programme Campus\u00a021<sup>MD<\/sup>. Des centaines de vid\u00e9os sur demande et du contenu d&#8217;apprentissage exhaustif vous permettent de suivre un chemin de perfectionnement adapt\u00e9 \u00e0 vos besoins professionnels.<\/p>\n<h4><strong>NOUS SOMMES L\u00c0 POUR VOUS AIDER<\/strong><\/h4>\n<p>Le programme prim\u00e9 Concierge\u00a0C21<sup>MD<\/sup> vous aide \u00e0 tirer le maximum de vos outils C21 pour accro\u00eetre votre chiffre d&#8217;affaires. Vous aurez acc\u00e8s \u00e0 une personne-ressource du programme Concierge\u00a0C21 qui vous formera sur les nouveaux outils technologiques afin que vous ne manquiez aucune nouveaut\u00e9.<\/p>\n\t\t\t\t\t<h4>\n\t\t\t\t\t\t\t\t\t\t\t\tSoutien publicitaire\n\t\t\t\t\t\t\t\t\t\t\t<\/h4>\n<h4><img decoding=\"async\" src=\"\/\/templates.c21canada.moxiworks.net\/files\/2021\/01\/mortgage_firsttimehomebuyers_01-1-1.png\" alt=\"\" width=\"803\" height=\"451\" \/><\/h4>\n<h4><strong>SIGNEZ PLUS D&#8217;INSCRIPTIONS<\/strong><\/h4>\n<p>Et si vous pouviez cr\u00e9er des fiches de propri\u00e9t\u00e9 impeccables en ligne comme sur papier? En tant que membre de C21, vous b\u00e9n\u00e9ficierez d&#8217;un acc\u00e8s illimit\u00e9 \u00e0 des ressources publicitaires qui vous aident \u00e0 vous d\u00e9marquer de la concurrence, dont:<\/p>\n<p><strong>Des sites Web personnalisables et performants\u00a0&#8211; <\/strong>Con\u00e7us pour s&#8217;adapter dynamiquement \u00e0 toutes les tailles d&#8217;\u00e9cran, nos sites Web int\u00e8grent une foule de fonctionnalit\u00e9s, dont des blogues WordPress, un syst\u00e8me de g\u00e9n\u00e9ration de prospects reli\u00e9 \u00e0 votre syst\u00e8me de gestion de contacts (CRM) et la mise \u00e0 jour des donn\u00e9es d&#8217;inscriptions \u00e0 partir de votre Service Inter-Agences (SIA\/MLS). De plus, vous aurez acc\u00e8s \u00e0 l&#8217;outil \u00ab\u00a0Nouvelles du quartier\u00a0\u00bb qui vous permet d&#8217;attirer des clients potentiels en leur offrant la possibilit\u00e9 de recevoir des statistiques sur un march\u00e9 donn\u00e9 chaque mois.<\/p>\n<p><strong>Centre de marketing C21\u00a0&#8211;<\/strong> Acc\u00e9dez \u00e0 des ressources de marketing imprimables et num\u00e9riques qui se mettent \u00e0 jour automatiquement tant que l&#8217;inscription demeure sur le march\u00e9. Gr\u00e2ce aux mod\u00e8les personnalisables de C21, la mise en march\u00e9 de vos inscriptions ne prend que quelques instants.<\/p>\n<p><strong>C21 Present\u00a0&#8211; <\/strong>Ce logiciel de pr\u00e9sentation pratique et intuitif vous permet d&#8217;inclure des vid\u00e9os et d&#8217;autres ressources multim\u00e9dias dans vos pr\u00e9sentations. Et comme les pr\u00e9sentations sont mises \u00e0 jour en temps r\u00e9el, vos clients auront toujours acc\u00e8s aux plus r\u00e9centes donn\u00e9es.<\/p>\n<p><strong>C21 Engage\u00a0&#8211; <\/strong>\u00c9tablissez et suivez vos objectifs, puis \u00e9largissez et entretenez votre sph\u00e8re d&#8217;influence pour les atteindre. Permettant l&#8217;int\u00e9gration des Contacts Google, cet outil vous recommande des activit\u00e9s \u00e0 diff\u00e9rents stades du cycle de vente. Et gr\u00e2ce aux mod\u00e8les et campagnes de marketing de C21, vous aurez toujours du contenu int\u00e9ressant et pertinent \u00e0 partager avec votre client\u00e8le.<\/p>\n<p><strong>C21 Promote\u00a0&#8211;<\/strong> Rehaussez vos activit\u00e9s de marketing sur les r\u00e9seaux sociaux gr\u00e2ce \u00e0 des publications automatis\u00e9es qui vous permettent d&#8217;attirer des clients potentiels et de maintenir une forte pr\u00e9sence en ligne.<\/p>\n\t\t\t\t\t<h4>\n\t\t\t\t\t\t\t\t\t\t\t\tSoutien technologique\n\t\t\t\t\t\t\t\t\t\t\t<\/h4>\n\n<h4>TOUTES VOS ACTIVIT\u00c9S DANS LE CREUX DE VOTRE MAIN.<\/h4>\n<p>Reli\u00e9 \u00e0 nos autres plateformes technologiques, HUB\u00a021 est votre syst\u00e8me de gestion et de marketing interne qui vous aide \u00e0 propulser vos affaires.<\/p>\n<p><strong>Sites Web\u00a0&#8211;<\/strong> D\u00e8s le premier jour, vous aurez un site Web fonctionnel que vous pourrez facilement personnaliser gr\u00e2ce au cr\u00e9ateur de site Web. Cet outil vous permet de cr\u00e9er sans effort un site soign\u00e9 qui vous aidera \u00e0 vous faire conna\u00eetre, \u00e0 vendre des propri\u00e9t\u00e9s et \u00e0 d\u00e9velopper votre marque.<\/p>\n<p><strong>Marketing\u00a0&#8211;<\/strong> Nos plateformes \u00e9tant reli\u00e9es aux donn\u00e9es du Service Inter-Agences (SIA\/MLS), vous pourrez facilement promouvoir vos inscriptions sur les r\u00e9seaux sociaux et cr\u00e9er des publicit\u00e9s imprim\u00e9es de qualit\u00e9 professionnelle. Lorsque vous cr\u00e9ez une inscription, vous recevez une trousse de marketing automatis\u00e9e par courriel qui se mettra automatiquement \u00e0 jour tant que l&#8217;inscription demeure sur le march\u00e9.<\/p>\n<p><strong>Syst\u00e8me de gestion de contacts (CRM)<\/strong><strong>\u00a0<\/strong>&#8211; Gardez le contact avec votre sph\u00e8re d&#8217;influence. Ce syst\u00e8me permet l&#8217;envoi de courriels automatis\u00e9s notamment dans le cadre de campagnes publicitaires. Gr\u00e2ce \u00e0 la mise \u00e0 jour en temps r\u00e9el des donn\u00e9es d&#8217;inscriptions, vos clients actuels et potentiels recevront toujours les plus r\u00e9centes informations. Le succ\u00e8s en mode autopilote!<\/p>\n<p>Parce que votre r\u00e9ussite est aussi la n\u00f4tre, nous sommes l\u00e0 pour vous aider. C&#8217;est aussi simple que cela.<\/p>\n\t\t\t\t\t<!-- \/content -->\n\t<!-- \/tabs -->\n\t\t\t<a href=\"\/fr-ca\/contact-us\" target=\"_self\" role=\"button\" rel=\"noopener noreferrer\">\n\t\t\t\t\t\t\tContactez-nous\n\t\t\t\t\t<\/a>\n\n","protected":false},"excerpt":{"rendered":"<p>FAITES CARRI\u00c8RE AVEC CENTURY 21 Vous voulez \u00eatre votre propre patron? Vous voulez g\u00e9rer vous-m\u00eame votre horaire? Vous voulez conna\u00eetre du succ\u00e8s? Faites carri\u00e8re en immobilier! FAITES CARRI\u00c8RE AVEC CENTURY 21 Vous voulez \u00eatre votre propre patron? Vous voulez g\u00e9rer vous-m\u00eame votre horaire? Vous voulez conna\u00eetre du succ\u00e8s? Faites carri\u00e8re en immobilier! PR\u00caT POUR UNE [&hellip;]<\/p>\n","protected":false},"author":2,"featured_media":1776,"parent":0,"menu_order":0,"comment_status":"closed","ping_status":"closed","template":"","meta":{"footnotes":""},"class_list":["post-9","page","type-page","status-publish","has-post-thumbnail","hentry"],"_links":{"self":[{"href":"https:\/\/bjrothrealty.c21.ca\/fr-ca\/wp-json\/wp\/v2\/pages\/9","targetHints":{"allow":["GET"]}}],"collection":[{"href":"https:\/\/bjrothrealty.c21.ca\/fr-ca\/wp-json\/wp\/v2\/pages"}],"about":[{"href":"https:\/\/bjrothrealty.c21.ca\/fr-ca\/wp-json\/wp\/v2\/types\/page"}],"author":[{"embeddable":true,"href":"https:\/\/bjrothrealty.c21.ca\/fr-ca\/wp-json\/wp\/v2\/users\/2"}],"replies":[{"embeddable":true,"href":"https:\/\/bjrothrealty.c21.ca\/fr-ca\/wp-json\/wp\/v2\/comments?post=9"}],"version-history":[{"count":2,"href":"https:\/\/bjrothrealty.c21.ca\/fr-ca\/wp-json\/wp\/v2\/pages\/9\/revisions"}],"predecessor-version":[{"id":50,"href":"https:\/\/bjrothrealty.c21.ca\/fr-ca\/wp-json\/wp\/v2\/pages\/9\/revisions\/50"}],"wp:featuredmedia":[{"embeddable":true,"href":"https:\/\/bjrothrealty.c21.ca\/fr-ca\/wp-json\/"}],"wp:attachment":[{"href":"https:\/\/bjrothrealty.c21.ca\/fr-ca\/wp-json\/wp\/v2\/media?parent=9"}],"curies":[{"name":"wp","href":"https:\/\/api.w.org\/{rel}","templated":true}]}}